{"id":11591,"date":"2025-10-24T17:14:47","date_gmt":"2025-10-24T14:14:47","guid":{"rendered":"https:\/\/theoutlet.sa\/?post_type=product&#038;p=11591"},"modified":"2025-10-24T17:22:40","modified_gmt":"2025-10-24T14:22:40","slug":"kerastase-chronologiste-masque-intense-regenerant-youth-revitalising-hair-mask-for-dull-dry-brittle-and-sensitized-hair-types-200ml","status":"publish","type":"product","link":"https:\/\/theoutlet.sa\/ar\/\u0645\u0646\u062a\u062c\/kerastase-chronologiste-masque-intense-regenerant-youth-revitalising-hair-mask-for-dull-dry-brittle-and-sensitized-hair-types-200ml\/","title":{"rendered":"K\u00e9rastase Chronologiste Masque Intense Regenerant Youth Revitalising Hair Mask For Dull, Dry, Brittle and Sensitized Hair Types- 200ml"},"content":{"rendered":"<div id=\"productDescription_feature_div\" class=\"celwidget\" data-feature-name=\"productDescription\" data-csa-c-type=\"widget\" data-csa-c-content-id=\"productDescription\" data-csa-c-slot-id=\"productDescription_feature_div\" data-csa-c-asin=\"\" data-csa-c-is-in-initial-active-row=\"false\" data-csa-c-id=\"1myxi-3ckm7e-19g06o-15imlk\" data-cel-widget=\"productDescription_feature_div\">\n<div>\n<div id=\"productDescription_feature_div\" class=\"a-row feature\" data-feature-name=\"productDescription\" data-template-name=\"productDescription\" data-cel-widget=\"productDescription_feature_div\">\n<div id=\"productDescription\" class=\"a-section a-spacing-small\">\n<p>Youth revitalizing mask to provide intense nourishment by Kerastase. Infused with hyaluronic acid, abyssine and vitamin E to fight the signs of aging scalp and hair. Provides intense hydration, long-lasting frizz-control, 6x more shine and a stronger fiber for youthful bounce and voluptuosity. Infused with the signature Chronologiste scent of fine fragrances, including tea rose, light woods and musk. Masque Intense R\u00e9g\u00e9n\u00e9rant is a luxurious sensorial experience.<\/p>\n<\/div>\n<\/div>\n<\/div>\n<\/div>\n<div id=\"renewedProgramDescriptionBtf_feature_div\" class=\"celwidget\" data-feature-name=\"renewedProgramDescriptionBtf\" data-csa-c-type=\"widget\" data-csa-c-content-id=\"renewedProgramDescriptionBtf\" data-csa-c-slot-id=\"renewedProgramDescriptionBtf_feature_div\" data-csa-c-asin=\"\" data-csa-c-is-in-initial-active-row=\"false\" data-csa-c-id=\"x4nr3l-y9pwk3-bbju4o-wclj1r\" data-cel-widget=\"renewedProgramDescriptionBtf_feature_div\">\n<ul class=\"a-unordered-list a-vertical a-spacing-mini\">\n<li class=\"a-spacing-mini\"><span class=\"a-list-item\">Formulated with Hyaluronic Acid to moisturize and hydrate the scalp and hair fiber<\/span><\/li>\n<li class=\"a-spacing-mini\"><span class=\"a-list-item\">Infused with Abyssine to invigorate and revitalize the hair for a flawless finish<\/span><\/li>\n<li class=\"a-spacing-mini\"><span class=\"a-list-item\">Contains Vitamin E for antioxidant properties, protecting hair from external aggressors<\/span><\/li>\n<li class=\"a-spacing-mini\"><span class=\"a-list-item\">Anti-allergenic properties<\/span><\/li>\n<li class=\"a-spacing-mini\"><span class=\"a-list-item\">Brings softness &amp; a lightweight touch<\/span><\/li>\n<li class=\"a-spacing-mini\"><span class=\"a-list-item\">Adds shine &amp; nourishment<\/span><\/li>\n<\/ul>\n<div id=\"importantInformation_feature_div\" class=\"celwidget\" data-feature-name=\"importantInformation\" data-csa-c-type=\"widget\" data-csa-c-content-id=\"importantInformation\" data-csa-c-slot-id=\"importantInformation_feature_div\" data-csa-c-asin=\"\" data-csa-c-is-in-initial-active-row=\"false\" data-csa-c-id=\"51nwrv-fu076p-5anlap-jlydra\" data-cel-widget=\"importantInformation_feature_div\">\n<div id=\"important-information\" class=\"a-section a-spacing-extra-large bucket\">\n<div class=\"a-section content\">\n<h4>Safety Information<\/h4>\n<p>In case of contact with eyes, rinse them immediately and thoroughly. If irritation occurs reduce the frequency of use.<\/p>\n<\/div>\n<div class=\"a-section content\">\n<h4>Ingredients<\/h4>\n<p>Aqua\/Water\/Eau, Cetearyl Alcohol, Amodimethicone, Behentrimonium Chloride, Cetyl Esters, Isopropyl Alcohol, Peg\/Ppg\/Polybutylene Glycol-8\/5\/3 Glycerin, Trideceth-6, Bisabolol, Caprylyl Glycol, Benzoic Acid, Tocopherol, Cetrimonium Chloride, Benzyl Salicylate, Hexyl Cinnamal, Benzyl Alcohol, Limonene, Butylene Glycol, Sodium Hydroxide, Citronellol, Farnesol, 2-Oleamido-1, 3-Octadecanediol, Geraniol, Sodium Hyaluronate, Safflower Glucoside, Hydroxycitronellal, Octyldodecanol, Lecithin, Phenethyl Alcohol, Polycaprolactone, Phenoxyethanol, Poloxamer 188, Ceramide Np, Hydroxypalmitoyl Sphinganine, Alteromonas Ferment Extract, Bht, Sodium Citrate, Parfum\/Fragrance.<\/p>\n<\/div>\n<div class=\"a-section content\">\n<h4>Directions<\/h4>\n<p>Use following Bain R\u00e9g\u00e9n\u00e9rant shampoo for a full anti-aging hair and scalp routine. Apply to clean, damp hair focussing on mid lengths and ends. Leave on for 5-10min, then rinse thoroughly<\/p>\n<\/div>\n<\/div>\n<\/div>\n<\/div>\n<div id=\"brandInsights_feature_div_3\" class=\"celwidget\" data-feature-name=\"brandInsights\" data-csa-c-type=\"widget\" data-csa-c-content-id=\"brandInsights\" data-csa-c-slot-id=\"brandInsights_feature_div_3\" data-csa-c-asin=\"\" data-csa-c-is-in-initial-active-row=\"false\" data-csa-c-id=\"54wvbx-xwrk1j-mcnasy-q35rti\" data-cel-widget=\"brandInsights_feature_div_3\"><\/div>\n<div id=\"brandInsights_feature_div_1\" class=\"celwidget\" data-feature-name=\"brandInsights\" data-csa-c-type=\"widget\" data-csa-c-content-id=\"brandInsights\" data-csa-c-slot-id=\"brandInsights_feature_div_1\" data-csa-c-asin=\"\" data-csa-c-is-in-initial-active-row=\"false\" data-csa-c-id=\"nvavyo-puxfmf-fsvyi1-2wv0m9\" data-cel-widget=\"brandInsights_feature_div_1\"><\/div>\n<div id=\"aplusBrandStory_feature_div\" class=\"celwidget\" data-feature-name=\"aplusBrandStory\" data-csa-c-type=\"widget\" data-csa-c-content-id=\"aplusBrandStory\" data-csa-c-slot-id=\"aplusBrandStory_feature_div\" data-csa-c-asin=\"\" data-csa-c-is-in-initial-active-row=\"false\" data-csa-c-id=\"7smyxr-yj0wr7-36iskp-uezy9i\" data-cel-widget=\"aplusBrandStory_feature_div\">\n<div id=\"aplus\" class=\"a-section a-spacing-large bucket\">\n<hr class=\"bucketDivider\" noshade=\"noshade\" size=\"1\" \/>\n<\/div>\n<\/div>\n","protected":false},"excerpt":{"rendered":"<p>Brand: K\u00c9RASTASE<br \/>\nItem form&#8221;+: Cream<br \/>\nMaterial features: Cruelty Free<br \/>\nHair type Aging<br \/>\nProduct benefits: Deeply moisturises and plumps hair fibres, soothes your scalp and controls frizz.<br \/>\nAge range: (description) Adult<br \/>\nRecommended uses for product On wet hair, apply a quarter size amount of CR\u00c8ME DE R\u00c9G\u00c9N\u00c9RATION and massage from scalp to ends. Leave in for 5 minutes before rinsing thoroughly.On wet hair, apply a quarter size amount of CR\u00c8ME DE R\u00c9G\u00c9N\u00c9RATION and massage from scalp to ends. Leave in for 5 minutes before rinsing thoroughly.<br \/>\nUnit count: 200.0 Milliliters<br \/>\nScent Floral<\/p>\n","protected":false},"featured_media":11594,"comment_status":"open","ping_status":"closed","template":"","meta":{"_acf_changed":false},"product_brand":[1204],"product_cat":[263,261,248],"product_tag":[],"class_list":{"0":"post-11591","1":"product","2":"type-product","3":"status-publish","4":"has-post-thumbnail","6":"product_brand-kerastase","7":"product_cat-hair-mask","8":"product_cat-hair-treatment","9":"product_cat-haircare","11":"first","12":"instock","13":"taxable","14":"shipping-taxable","15":"purchasable","16":"product-type-simple"},"supplier_id":null,"supplier_sku":"","barcode":null,"atum_controlled":true,"out_stock_date":null,"out_stock_threshold":null,"inheritable":false,"inbound_stock":null,"stock_on_hold":0,"sold_today":0,"sales_last_days":0,"reserved_stock":null,"customer_returns":null,"warehouse_damage":null,"lost_in_post":null,"other_logs":null,"out_stock_days":0,"lost_sales":0,"has_location":null,"update_date":"2026-04-16T00:14:26","atum_locations":[],"atum_stock_status":"instock","restock_status":false,"low_stock_amount":"","sales_update_date":"2026-04-16T00:14:26","calc_backorders":null,"acf":[],"_links":{"self":[{"href":"https:\/\/theoutlet.sa\/ar\/wp-json\/wp\/v2\/product\/11591","targetHints":{"allow":["GET"]}}],"collection":[{"href":"https:\/\/theoutlet.sa\/ar\/wp-json\/wp\/v2\/product"}],"about":[{"href":"https:\/\/theoutlet.sa\/ar\/wp-json\/wp\/v2\/types\/product"}],"replies":[{"embeddable":true,"href":"https:\/\/theoutlet.sa\/ar\/wp-json\/wp\/v2\/comments?post=11591"}],"version-history":[{"count":0,"href":"https:\/\/theoutlet.sa\/ar\/wp-json\/wp\/v2\/product\/11591\/revisions"}],"wp:featuredmedia":[{"embeddable":true,"href":"https:\/\/theoutlet.sa\/ar\/wp-json\/wp\/v2\/media\/11594"}],"wp:attachment":[{"href":"https:\/\/theoutlet.sa\/ar\/wp-json\/wp\/v2\/media?parent=11591"}],"wp:term":[{"taxonomy":"product_brand","embeddable":true,"href":"https:\/\/theoutlet.sa\/ar\/wp-json\/wp\/v2\/product_brand?post=11591"},{"taxonomy":"product_cat","embeddable":true,"href":"https:\/\/theoutlet.sa\/ar\/wp-json\/wp\/v2\/product_cat?post=11591"},{"taxonomy":"product_tag","embeddable":true,"href":"https:\/\/theoutlet.sa\/ar\/wp-json\/wp\/v2\/product_tag?post=11591"}],"curies":[{"name":"wp","href":"https:\/\/api.w.org\/{rel}","templated":true}]}}